{"id":394,"date":"2022-10-28T17:57:26","date_gmt":"2022-10-28T17:57:26","guid":{"rendered":"https:\/\/www.lideramos.es\/?page_id=394"},"modified":"2022-10-28T18:21:12","modified_gmt":"2022-10-28T18:21:12","slug":"aviso-legal","status":"publish","type":"page","link":"https:\/\/www.lideramos.es\/index.php\/aviso-legal\/","title":{"rendered":"Aviso Legal"},"content":{"rendered":"\n<div class=\"wp-block-columns is-layout-flex wp-container-core-columns-is-layout-9d6595d7 wp-block-columns-is-layout-flex\">\n<div class=\"wp-block-column is-vertically-aligned-center has-text-color is-layout-flow wp-block-column-is-layout-flow\" style=\"color:#545454;padding-top:1em;padding-right:1em;padding-bottom:1em;padding-left:1em\">\n<p class=\"has-text-color\" style=\"color:#292929;font-size:1rem\"><strong>Denominaci\u00f3n Social<\/strong>: Confederaci\u00f3n de Organizaciones Empresariales de Castilla y L\u00e9on (CECALE).<\/p>\n\n\n\n<p class=\"has-text-color\" style=\"color:#292929;font-size:1rem\"><strong>Nombre Comercial<\/strong>: CEOE Castilla y Le\u00f3n.<\/p>\n\n\n\n<p class=\"has-text-color\" style=\"color:#292929;font-size:1rem\"><strong>Domicilio Social<\/strong>: Calle Florencia, 8 47008 Valladolid.<\/p>\n\n\n\n<p class=\"has-text-color\" style=\"color:#292929;font-size:1rem\"><strong>CIF \/ NIF<\/strong>: G-47043880<\/p>\n\n\n\n<p class=\"has-text-color\" style=\"color:#292929;font-size:1rem\"><strong>Tel\u00e9fono<\/strong>: +34 983 21 20 20<\/p>\n\n\n\n<ol class=\"wp-block-list\"><li><strong>Car\u00e1cter gratuito del acceso y utilizaci\u00f3n del Portal<\/strong><br>La prestaci\u00f3n de los Servicios, por parte de Confederaci\u00f3n de Organizaciones Empresariales de Castilla y L\u00e9on (en adelante CEOE Castilla y Le\u00f3n), tiene car\u00e1cter gratuito para los Usuarios. No obstante lo anterior, algunos de los Servicios suministrados por CEOE Castilla y Le\u00f3n o por terceros a trav\u00e9s del Portal est\u00e1n sujetos al pago de un precio en la forma que se determine en las correspondientes Condiciones Particulares.<\/li><li><strong>Registro de Usuario<\/strong><br>Con car\u00e1cter general la prestaci\u00f3n de los Servicios no exige la previa suscripci\u00f3n o registro de los Usuarios. Asimismo, CEOE Castilla y Le\u00f3n pone a disposici\u00f3n de los Usuarios algunos Servicios cuya utilizaci\u00f3n requiere la cumplimentaci\u00f3n de registros adicionales. El citado registro se efectuar\u00e1 en la forma expresamente indicada en el propio servicio o en las Condiciones Particulares que lo regulen.<\/li><li><strong>Veracidad de la informaci\u00f3n<\/strong><br>Toda la informaci\u00f3n que facilite el Usuario a trav\u00e9s de los Servicios deber\u00e1 ser veraz. A estos efectos, el Usuario garantiza la autenticidad de todos aquellos datos que comunique como consecuencia de la cumplimentaci\u00f3n de los formularios necesarios para la suscripci\u00f3n de los Servicios. De igual forma, ser\u00e1 responsabilidad del Usuario mantener toda la informaci\u00f3n facilitada a CEOE Castilla y Le\u00f3n permanentemente actualizada de forma que responda, en cada momento, a la situaci\u00f3n real del Usuario. En todo caso el Usuario ser\u00e1 el \u00fanico responsable de las manifestaciones falsas o inexactas que realice y de los perjuicios que cause a CEOE Castilla y Le\u00f3n o a terceros por la informaci\u00f3n que facilite.<\/li><li><strong>Menores de edad<\/strong><br>Para hacer uso de los Servicios los menores de edad deben obtener previamente permiso de sus padres, tutores o representantes legales, quienes ser\u00e1n considerados responsables de todos los actos realizados por los menores a su cargo.<br><br>La plena responsabilidad en la determinaci\u00f3n de los concretos contenidos y Servicios a los que acceden los menores de edad corresponde a los mayores a cuyo cargo se encuentran. Como Internet hace posible el acceso a contenidos que pueden no ser apropiados para menores, se informa a los Usuarios de que existen mecanismos, en particular programas inform\u00e1ticos de filtro y bloqueo, que permiten limitar los contenidos disponibles y, aunque no resultan infalibles, son de especial utilidad para controlar y restringir los materiales a los que pueden acceder los menores.<\/li><\/ol>\n\n\n\n<ol class=\"wp-block-list\" start=\"5\"><li><strong>Obligaci\u00f3n de hacer un uso correcto del Portal y de los Servicios<\/strong><br>El Usuario se compromete a utilizar el Portal y los Servicios de conformidad con la ley, el presente Aviso Legal, las Condiciones Particulares de ciertos Servicios y dem\u00e1s avisos, reglamentos de uso e instrucciones puestos en su conocimiento, as\u00ed como con la moral y las buenas costumbres generalmente aceptadas y el orden p\u00fablico.<br><br>A tal efecto, <strong>el Usuario se abstendr\u00e1 de utilizar cualquiera de los Servicios con fines o efectos il\u00edcitos<\/strong>, prohibidos en el presente Aviso Legal, lesivos de los derechos e intereses de terceros, o que de cualquier forma puedan da\u00f1ar, inutilizar, sobrecargar, deteriorar o impedir la normal utilizaci\u00f3n de los Servicios, los equipos inform\u00e1ticos o los documentos, archivos y toda clase de contenidos almacenados en cualquier equipo inform\u00e1tico (hacking) de CEOE Castilla y Le\u00f3n, de otros Usuarios o de cualquier usuario de Internet (hardware y software).<br><br>En particular, y a t\u00edtulo meramente indicativo y no exhaustivo, el Usuario se compromete a no transmitir, difundir o poner a disposici\u00f3n de terceros informaciones, datos, contenidos, mensajes, gr\u00e1ficos, dibujos, archivos de sonido y\/o imagen, fotograf\u00edas, grabaciones, software y, en general, cualquier clase de material que:<ol><li>de cualquier forma sea contrario, menosprecie o atente contra los derechos fundamentales y las libertades p\u00fablicas reconocidas constitucionalmente, en los Tratados internacionales y en el resto de la legislaci\u00f3n;<\/li><li>induzca, incite o promueva actuaciones delictivas, denigratorias, difamatorias, infamantes, violentas o, en general, contrarias a la ley, a la moral y buenas costumbres generalmente aceptadas o al orden p\u00fablico;<\/li><li>induzca, incite o promueva actuaciones, actitudes o pensamientos discriminatorios por raz\u00f3n de sexo, raza, religi\u00f3n, creencias, edad o condici\u00f3n;<\/li><li>incorpore, ponga a disposici\u00f3n o permita acceder a productos, elementos, mensajes y\/o servicios delictivos, violentos, ofensivos, nocivos, degradantes o, en general, contrarios a la ley, a la moral y a las buenas costumbres generalmente aceptadas o al orden p\u00fablico;<\/li><li>induzca o pueda inducir a un estado inaceptable de ansiedad o temor;<\/li><li>induzca o incite a involucrarse en pr\u00e1cticas peligrosas, de riesgo o nocivas para la salud y el equilibrio ps\u00edquico;<\/li><li>sea falso, ambiguo, inexacto, exagerado o extempor\u00e1neo, de forma que induzca o pueda inducir a error sobre su objeto o sobre las intenciones o prop\u00f3sitos del comunicante;<\/li><li>se encuentre protegido por cualesquiera derechos de propiedad intelectual o industrial pertenecientes a terceros, sin que el Usuario haya obtenido previamente de sus titulares la autorizaci\u00f3n necesaria para llevar a cabo el uso que efect\u00faa o pretende efectuar;<\/li><li>viole los secretos empresariales de terceros;<\/li><li>sea contrario al derecho al honor, a la intimidad personal y familiar o a la propia imagen de las personas;<\/li><li>de cualquier manera menoscabe el cr\u00e9dito de CEOE Castilla y Le\u00f3n o de terceros;<\/li><li>infrinja la normativa sobre secreto de las comunicaciones;<\/li><li>constituya, en su caso, publicidad il\u00edcita, enga\u00f1osa o desleal y, en general, que constituya competencia desleal;<\/li><li>incorpore virus u otros elementos f\u00edsicos o electr\u00f3nicos que puedan da\u00f1ar o impedir el normal funcionamiento de la red, del sistema o de equipos inform\u00e1ticos (hardware y software) de CECALE o de terceros o que puedan da\u00f1ar los documentos electr\u00f3nicos y archivos almacenados en dichos equipos inform\u00e1ticos;<\/li><li>provoque por sus caracter\u00edsticas (tales como formato, extensi\u00f3n, etc.) dificultades en el normal funcionamiento del Servicio;<\/li><li>contenga etiquetas HTML distintas de aquellas expresamente autorizadas por CEOE Castilla y Le\u00f3n.<\/li><\/ol><\/li><\/ol>\n\n\n\n<ol class=\"wp-block-list\" start=\"6\"><li><strong>Obligaci\u00f3n de hacer un uso correcto de los Contenidos<\/strong><br>De conformidad con lo dispuesto en la cl\u00e1usula 3.5, el Usuario se compromete a utilizar los contenidos puestos a disposici\u00f3n de los Usuarios en el Portal, entendiendo por estos, sin que esta enumeraci\u00f3n tenga car\u00e1cter limitativo, los textos, fotograf\u00edas, gr\u00e1ficos, im\u00e1genes, iconos, tecnolog\u00eda, software, links y dem\u00e1s contenidos audiovisuales o sonoros, as\u00ed como su dise\u00f1o gr\u00e1fico y c\u00f3digos fuente (en adelante, los \u00abContenidos\u00bb), de conformidad con la ley, el presente Aviso Legal, las Condiciones Particulares de ciertos Servicios y dem\u00e1s avisos, reglamentos de uso e instrucciones puestos en su conocimiento, as\u00ed como con la moral y las buenas costumbres generalmente aceptadas y el orden p\u00fablico, y, en particular, se compromete a abstenerse de:<ol><li>reproducir, copiar, distribuir, poner a disposici\u00f3n o de cualquier otra forma comunicar p\u00fablicamente, transformar o modificar los Contenidos, a menos que se cuente con la autorizaci\u00f3n del titular de los correspondientes derechos o ello resulte legalmente permitido;<\/li><li>suprimir, manipular o de cualquier forma alterar el \u00abcopyright\u00bb y dem\u00e1s datos identificativos de la reserva de derechos de CEOE Castilla y Le\u00f3n o de sus titulares, de las huellas digitales o de cualesquiera otros medios t\u00e9cnicos establecidos para su reconocimiento. El Usuario deber\u00e1 abstenerse de obtener e incluso de intentar obtener los Contenidos empleando para ello medios o procedimientos distintos de los que, seg\u00fan los casos, se hayan puesto a su disposici\u00f3n a este efecto o se hayan indicado a este efecto en las p\u00e1ginas Web donde se encuentren los Contenidos o, en general, de los que se empleen habitualmente en Internet a este efecto siempre que no entra\u00f1en un riesgo de da\u00f1o o inutilizaci\u00f3n del Portal, de los Servicios y\/o de los Contenidos.<\/li><\/ol><\/li><\/ol>\n\n\n\n<ol class=\"wp-block-list\" start=\"7\"><li><strong>Uso de los Servicios ofrecidos en el Portal de conformidad con la Pol\u00edtica Anti-Spamming de CEOE Castilla y Le\u00f3n<\/strong><br>El Usuario se obliga a abstenerse de:<ol><li>recabar datos con finalidad publicitaria y de remitir publicidad de cualquier clase y comunicaciones con fines de venta u otras de naturaleza comercial sin que medie su previa solicitud o consentimiento;<\/li><li>remitir cualesquiera otros mensajes no solicitados ni consentidos previamente a una pluralidad de personas;<\/li><li>enviar cadenas de mensajes electr\u00f3nicos no solicitados ni previamente consentidos;<\/li><li>utilizar listas de distribuci\u00f3n a las que pueda accederse a trav\u00e9s de los Servicios para la realizaci\u00f3n de las actividades se\u00f1aladas en los apartados (I) a (III) anteriores;<\/li><li>poner a disposici\u00f3n de terceros, con cualquier finalidad, datos recabados a partir de listas de distribuci\u00f3n.<\/li><\/ol><\/li><\/ol>\n\n\n\n<p>Los Usuarios o terceros perjudicados por la recepci\u00f3n de mensajes no solicitados dirigidos a una pluralidad de personas podr\u00e1n comunic\u00e1rselo a CEOE Castilla y Le\u00f3n remitiendo un mensaje a la siguiente direcci\u00f3n de correo electr\u00f3nico: <a href=\"mailto:ceoecyl@ceoecyl.es\" target=\"_blank\" rel=\"noreferrer noopener\">ceoecyl@ceoecyl.es<\/a>.<\/p>\n\n\n\n<ol class=\"wp-block-list\" start=\"8\"><li><strong>Introducci\u00f3n de hiperenlaces que permitan el acceso a las p\u00e1ginas Web del Portal y a los Servicios<\/strong><br>Los Usuarios y, en general, aquellas personas que se propongan establecer un hiperenlace entre su p\u00e1gina Web y el Portal (en adelante, el \u00abHiperenlace\u00bb) deber\u00e1n cumplir las condiciones siguientes:<ol><li>el Hiperenlace \u00fanicamente permitir\u00e1 el acceso a la home-page o p\u00e1gina de inicio del Portal, pero no podr\u00e1 reproducirlas de ninguna forma;<\/li><li>no se crear\u00e1 un frame sobre las p\u00e1ginas Web del Portal;<\/li><li>no se realizar\u00e1n manifestaciones o indicaciones falsas, inexactas o incorrectas sobre CEOE Castilla y Le\u00f3n, sus directivos, sus empleados, las p\u00e1ginas Web del Portal y los Servicios suministrados; (d) no se declarar\u00e1 ni se dar\u00e1 a entender que CEOE Castilla y Le\u00f3n ha autorizado el Hiperenlace o que ha supervisado o asumido de cualquier forma los servicios ofrecidos o puestos a disposici\u00f3n de la p\u00e1gina Web en la que se establece el Hiperenlace;<\/li><li>excepci\u00f3n hecha de aquellos signos que formen parte del mismo Hiperenlace, la p\u00e1gina Web en la que se establezca el Hiperenlace no contendr\u00e1 ninguna marca, nombre comercial, r\u00f3tulo de establecimiento, denominaci\u00f3n, logotipo, eslogan u otros signos distintivos pertenecientes a CEOE Castilla y Le\u00f3n; y<\/li><li>la p\u00e1gina Web en la que se establezca el Hiperenlace no contendr\u00e1 informaciones o contenidos il\u00edcitos, contrarios a la moral y a las buenas costumbres generalmente aceptadas y al orden p\u00fablico, as\u00ed como tampoco contendr\u00e1 contenidos contrarios a cualesquiera derechos de terceros. El establecimiento del Hiperenlace no implica en ning\u00fan caso la existencia de relaciones entre CEOE Castilla y Le\u00f3n y el propietario de la p\u00e1gina Web en la que se establezca, ni la aceptaci\u00f3n y aprobaci\u00f3n por parte de CEOE Castilla y Le\u00f3n de sus contenidos o servicios.<\/li><\/ol><\/li><\/ol>\n<\/div>\n<\/div>\n","protected":false},"excerpt":{"rendered":"<p>Denominaci\u00f3n Social: Confederaci\u00f3n de Organizaciones Empresariales de Castilla y L\u00e9on (CECALE). Nombre Comercial: CEOE Castilla y Le\u00f3n. Domicilio Social: Calle Florencia, 8 47008 Valladolid. CIF \/ NIF: G-47043880 Tel\u00e9fono: +34 983 21 20 20 Car\u00e1cter gratuito del acceso y utilizaci\u00f3n del PortalLa prestaci\u00f3n de los Servicios, por parte de Confederaci\u00f3n de Organizaciones Empresariales de Castilla&hellip;&nbsp;<a href=\"https:\/\/www.lideramos.es\/index.php\/aviso-legal\/\" class=\"\" rel=\"bookmark\">Leer m\u00e1s &raquo;<span class=\"screen-reader-text\">Aviso Legal<\/span><\/a><\/p>\n","protected":false},"author":31,"featured_media":0,"parent":0,"menu_order":0,"comment_status":"closed","ping_status":"closed","template":"page-templates\/template-pagebuilder-full-width.php","meta":{"neve_meta_sidebar":"left","neve_meta_container":"full-width","neve_meta_enable_content_width":"on","neve_meta_content_width":90,"neve_meta_title_alignment":"","neve_meta_author_avatar":"","neve_post_elements_order":"","neve_meta_disable_header":"","neve_meta_disable_footer":"","neve_meta_disable_title":"","footnotes":""},"class_list":["post-394","page","type-page","status-publish","hentry"],"_links":{"self":[{"href":"https:\/\/www.lideramos.es\/index.php\/wp-json\/wp\/v2\/pages\/394","targetHints":{"allow":["GET"]}}],"collection":[{"href":"https:\/\/www.lideramos.es\/index.php\/wp-json\/wp\/v2\/pages"}],"about":[{"href":"https:\/\/www.lideramos.es\/index.php\/wp-json\/wp\/v2\/types\/page"}],"author":[{"embeddable":true,"href":"https:\/\/www.lideramos.es\/index.php\/wp-json\/wp\/v2\/users\/31"}],"replies":[{"embeddable":true,"href":"https:\/\/www.lideramos.es\/index.php\/wp-json\/wp\/v2\/comments?post=394"}],"version-history":[{"count":2,"href":"https:\/\/www.lideramos.es\/index.php\/wp-json\/wp\/v2\/pages\/394\/revisions"}],"predecessor-version":[{"id":405,"href":"https:\/\/www.lideramos.es\/index.php\/wp-json\/wp\/v2\/pages\/394\/revisions\/405"}],"wp:attachment":[{"href":"https:\/\/www.lideramos.es\/index.php\/wp-json\/wp\/v2\/media?parent=394"}],"curies":[{"name":"wp","href":"https:\/\/api.w.org\/{rel}","templated":true}]}}