{"id":3,"date":"2021-09-22T19:48:28","date_gmt":"2021-09-22T19:48:28","guid":{"rendered":"http:\/\/www.lideramos.es\/?page_id=3"},"modified":"2022-10-05T07:46:50","modified_gmt":"2022-10-05T07:46:50","slug":"politica-privacidad","status":"publish","type":"page","link":"https:\/\/www.lideramos.es\/index.php\/politica-privacidad\/","title":{"rendered":"Pol\u00edtica de privacidad"},"content":{"rendered":"\n<p>Denominaci\u00f3n Social:&nbsp;<strong>Confederaci\u00f3n de Organizaciones Empresariales de Castilla y L\u00e9on (CECALE).<\/strong><\/p>\n\n\n\n<p>Nombre Comercial:&nbsp;<strong>CEOE Castilla y Le\u00f3n.<\/strong><\/p>\n\n\n\n<p>Domicilio Social:&nbsp;&nbsp;<strong>Calle Florencia,&nbsp;8 47008 Valladolid.<\/strong><\/p>\n\n\n\n<p>CIF \/ NIF:&nbsp;<strong>G-47043880<\/strong><\/p>\n\n\n\n<p>Tel\u00e9fono:&nbsp;<strong>+34 983 21 20 20<\/strong><\/p>\n\n\n\n<p>Mediante aviso, Confederaci\u00f3n de Organizaciones Empresariales de Castilla y L\u00e9\u00f3n (en adelante, CEOE Castilla y Le\u00f3n), domiciliada en C\/ Florencia, 8. 47007 Valladolid y con direcci\u00f3n de correo electr\u00f3nico <a _istranslated=\"1\" href=\"mailto:ceoecyl@ceoecyl.es\">ceoecyl@ceoecyl.es<\/a> informa a los usuarios de los distintos portales de Internet de su propiedad (en adelante, los \u00abUsuarios\u00bb y el \u00abPortal\u00bb) acerca de su pol\u00edtica de protecci\u00f3n de datos de car\u00e1cter personal (en adelante, \u00ablos Datos Personales\u00bb) <strong _istranslated=\"1\">para que los Usuarios determinen libre y voluntariamente si desean facilitar a CEOE Castilla y Le\u00f3n los Datos Personales<\/strong>  que se les puedan requerir o que se puedan obtener de los Usuarios con ocasi\u00f3n de la suscripci\u00f3n o alta en algunos de los servicios ofrecidos por CEOE Castilla y Le\u00f3n se reserva el derecho a modificar la presente pol\u00edtica para adaptarla a novedades legislativas o jurisprudenciales as\u00ed como a pr\u00e1cticas de la industria. En dichos supuestos, CEOE Castilla y Le\u00f3n anunciar\u00e1 en esta p\u00e1gina los cambios introducidos con razonable antelaci\u00f3n a su puesta en pr\u00e1ctica. <br><br>Ciertos servicios prestados en el Portal pueden contener condiciones particulares con previsiones espec\u00edficas en materia de protecci\u00f3n de Datos Personales. <br><br>Los Datos Personales recogidos ser\u00e1n objeto de tratamiento automatizado e incorporados a los correspondientes ficheros automatizados por CEOE Castilla y Le\u00f3n, siendo cada una de estas compa\u00f1\u00edas titular y responsible de su propio fichero (en adelante, los \u00abFicheros\u00bb). Conforme a la normativa aplicable, estos Ficheros se encuentran inscritos en el Registro General de Protecci\u00f3n de Datos con el siguiente c\u00f3digo de inscripci\u00f3n:<br><br>Esto proporciona a los Usuarios<strong _istranslated=\"1\"> los recursos t\u00e9cnicos adecuados para que, con car\u00e1cter previo, puedan acceder a este aviso sobre la Pol\u00edtica de Privacidad o a<\/strong> cualquier otra informaci\u00f3n relevante y puedan prestar su consentimiento a fin de que CEOE Castilla y Le\u00f3n procedan al tratamiento automatizado de sus  Datos Personales. Salvo en los campos en que se indique lo contrario, las respuestas a las preguntas sobre Datos Personales son voluntarias, sin que la falta de contestaci\u00f3n implique una merma en la calidad o cantidad de los servicios correspondientes, a menos que se indique otra cosa. <br><br>El Usuario garantiza que los Datos Personales facilitados a CEOE Castilla y Le\u00f3n son veraces y se hace responsible de comunicar a \u00e9stas cualquier modificaci\u00f3n en los mismos. <br><br>La recogida y tratamiento automatizado de los Datos Personales tiene como finalidad el <strong _istranslated=\"1\">mantenimiento de la relaci\u00f3n contractual en su caso establecida con <\/strong>CEOE Castilla y Le\u00f3n, la gesti\u00f3n, administraci\u00f3n, prestaci\u00f3n, ampliaci\u00f3n y mejora de los servicios en los que el Usuario decida suscribirse, darse de alta, o utilizar la adecuaci\u00f3n de dichos servicios a las preferencias y gustos de los Usuarios,  el estudio de la utilizaci\u00f3n de los servicios por parte de los Usuarios, el dise\u00f1o de nuevos servicios relacionados con dichos servicios, el env\u00edo de actualizaciones de los servicios, el env\u00edo, por medios tradicionales y electr\u00f3nicos, de informaci\u00f3n t\u00e9cnica, operativa y comercial acerca de productos y servicios ofrecidos por CEOE Castilla y Le\u00f3n y\/o por terceros,  actualmente y en el futuro. La finalidad de la recogida y tratamiento automatizado de los Datos Personales incluye igualmente el env\u00edo de formularios de encuestas, que el Usuario no queda obligado a contestar. <br><br>CEOE Castilla y Le\u00f3n ha adoptado los niveles de seguridad de protecci\u00f3n de los Datos Personales legalmente requeridos, <strong _istranslated=\"1\">y procura instalar aquellos otros medios y medidas t\u00e9cnicas adicionales a su alcance para evitar la p\u00e9rdida, mal uso, alteraci\u00f3n, acceso no autorizado y robo de los Datos Personales facilitados a <\/strong> CEOE Castilla y Le\u00f3n. En particular, CEOE Castilla y Le\u00f3n utiliza sistemas de seguridad SSL (Secure Socket Layer) que, a trav\u00e9s de sistemas de certificados y cifrado, permiten comprobar la autenticidad del Portal CEOE Castilla y Le\u00f3n desde donde se recaban sus Datos Personales, as\u00ed como la integridad y confidencialidad de sus Datos Personales durante su transmisi\u00f3n (Ud. puede comprobar la implementaci\u00f3n del SSL al registrarse dado que la p\u00e1gina de registro comienza con \u00abhtpps\u00bb,  en lugar del \u00abhttp\u00bb, y le aparecer\u00e1 un peque\u00f1o candado cerrado en la parte inferior de su navegador). <br><br>Ello no obstante, el <strong _istranslated=\"1\">Usuario debe ser consciente de que las medidas de seguridad en Internet no son inexpugnables<\/strong>. En ciertos casos, adem\u00e1s, se proponen ceder los Datos Personales a terceros. Cuando proceda, esta circunstancia ser\u00e1 debidamente advertida a los Usuarios en los formularios de recogida de Datos Personales, junto con la identificaci\u00f3n de la sociedad que los ceda y dicho tercero, el tipo de actividades a las que se dedica y la finalidad a que responde la cesi\u00f3n. El Usuario podr\u00e1 oponerse en todo momento a cualquiera o todas las cesiones precitadas mediante el ejercicio de sus derechos seg\u00fan se detalla m\u00e1s abajo. <br><br>Los Usuarios tienen reconocidos y podr\u00e1n ejercitar los derechos de acceso, cancelaci\u00f3n, rectificaci\u00f3n y oposici\u00f3n, as\u00ed como tienen reconocido el derecho a ser informados de las cesiones realizadas contactando con CEOE Castilla y Le\u00f3n a trav\u00e9s del correo <a _istranslated=\"1\" href=\"mailto:ceoecyl@ceoecyl.es\">ceoecyl@ceoecyl.es<\/a>. CEOE Castilla y Le\u00f3n puede utilizar cookies cuando un Usuario navega por los sitios y p\u00e1ginas Web del Portal. Las cookies que se puedan utilizar en los sitios y p\u00e1ginas Web del Portal se asocian \u00fanicamente con el navegador de un ordenador determinado (un Usuario an\u00f3nimo),<strong _istranslated=\"1\"> y no proporcionan por s\u00ed el nombre y apellidos del Usuario<\/strong>. Gracias a las cookies, resulta posible que CEOE Castilla y Le\u00f3n reconozcan los navegadores de los Usuarios registrados despu\u00e9s de que \u00e9stos se hayan registrado por primera vez, sin que se tengan que registrarse en cada visita para acceder a las \u00e1reas y servicios reservados exclusivamente a ellos. Las cookies utilizadas no pueden leer los archivos cookie creados por otros proveedores. El Usuario tiene la posibilidad de configurar su navegador para ser avisado en pantalla de la recepci\u00f3n de cookies y para impedir la instalaci\u00f3n de cookies en su disco duro. Por favor, consulte las instrucciones y manuales de su navegador para ampliar \u00e9sta informaci\u00f3n. Para utilizar el Portal, <strong _istranslated=\"1\">no resulta necesario que el Usuario permita la instalaci\u00f3n de las cookies enviadas por <\/strong>CEOE Castilla y Le\u00f3n, sin perjuicio de que en tal caso ser\u00e1 necesario que el Usuario se registre como usuario de cada uno de los servicios cuya prestaci\u00f3n requiera el previo registro. <br><br>Las cookies que se utilizan en los sitios y p\u00e1ginas Web del Portal pueden ser servidas por CEOE Castilla y Le\u00f3n, en cuyo caso se sirven desde los distintos servidores operados por \u00e9stas, o desde los servidores de determinados terceros que nos prestan servicios y sirven las cookies por cuenta de CEOE Castilla y Le\u00f3n (como por ejemplo, las cookies que se emplean para servir la publicidad o determinados contenidos y que hacen que el Usuario visualice la publicidad o ciertos contenidos en el tiempo, n\u00famero de veces y forma predeterminados). Siempre que no haya activado la opci\u00f3n que impide la instalaci\u00f3n de cookies en su disco duro, Ud. puede explorar su disco duro siguiendo el manual de instrucciones y ayuda de su sistema operativo (normalmente, en sistemas operativos Windows deber\u00e1 consultar la carpeta \u00abC (o la unidad de disco correspondiente)\/Windows\/Cookies\u00bb) para conocer con mayor detalle cada servidor desde donde se env\u00edan las cookies.<\/p>\n\n\n\n<h2 class=\"wp-block-heading\"><font _mstmutation=\"1\" _msthash=\"0\"><\/h2>\n","protected":false},"excerpt":{"rendered":"<p>Denominaci\u00f3n Social:&nbsp;Confederaci\u00f3n de Organizaciones Empresariales de Castilla y L\u00e9on (CECALE). Nombre Comercial:&nbsp;CEOE Castilla y Le\u00f3n. Domicilio Social:&nbsp;&nbsp;Calle Florencia,&nbsp;8 47008 Valladolid. CIF \/ NIF:&nbsp;G-47043880 Tel\u00e9fono:&nbsp;+34 983 21 20 20 Mediante aviso, Confederaci\u00f3n de Organizaciones Empresariales de Castilla y L\u00e9\u00f3n (en adelante, CEOE Castilla y Le\u00f3n), domiciliada en C\/ Florencia, 8. 47007 Valladolid y con direcci\u00f3n de&hellip;&nbsp;<a href=\"https:\/\/www.lideramos.es\/index.php\/politica-privacidad\/\" class=\"\" rel=\"bookmark\">Leer m\u00e1s &raquo;<span class=\"screen-reader-text\">Pol\u00edtica de privacidad<\/span><\/a><\/p>\n","protected":false},"author":1,"featured_media":0,"parent":0,"menu_order":0,"comment_status":"closed","ping_status":"open","template":"","meta":{"neve_meta_sidebar":"","neve_meta_container":"","neve_meta_enable_content_width":"","neve_meta_content_width":0,"neve_meta_title_alignment":"","neve_meta_author_avatar":"","neve_post_elements_order":"","neve_meta_disable_header":"","neve_meta_disable_footer":"","neve_meta_disable_title":"","footnotes":""},"class_list":["post-3","page","type-page","status-publish","hentry"],"_links":{"self":[{"href":"https:\/\/www.lideramos.es\/index.php\/wp-json\/wp\/v2\/pages\/3","targetHints":{"allow":["GET"]}}],"collection":[{"href":"https:\/\/www.lideramos.es\/index.php\/wp-json\/wp\/v2\/pages"}],"about":[{"href":"https:\/\/www.lideramos.es\/index.php\/wp-json\/wp\/v2\/types\/page"}],"author":[{"embeddable":true,"href":"https:\/\/www.lideramos.es\/index.php\/wp-json\/wp\/v2\/users\/1"}],"replies":[{"embeddable":true,"href":"https:\/\/www.lideramos.es\/index.php\/wp-json\/wp\/v2\/comments?post=3"}],"version-history":[{"count":3,"href":"https:\/\/www.lideramos.es\/index.php\/wp-json\/wp\/v2\/pages\/3\/revisions"}],"predecessor-version":[{"id":388,"href":"https:\/\/www.lideramos.es\/index.php\/wp-json\/wp\/v2\/pages\/3\/revisions\/388"}],"wp:attachment":[{"href":"https:\/\/www.lideramos.es\/index.php\/wp-json\/wp\/v2\/media?parent=3"}],"curies":[{"name":"wp","href":"https:\/\/api.w.org\/{rel}","templated":true}]}}